{"id":53,"date":"2020-01-23T10:12:49","date_gmt":"2020-01-23T10:12:49","guid":{"rendered":"https:\/\/jacoconstrucciones.es\/index.php\/homepage-2\/"},"modified":"2020-02-20T08:28:06","modified_gmt":"2020-02-20T08:28:06","slug":"homepage-2","status":"publish","type":"page","link":"https:\/\/jacoconstrucciones.es\/","title":{"rendered":"Homepage"},"content":{"rendered":"\n<div class=\"wp-block-media-text alignfull has-background is-stacked-on-mobile is-vertically-aligned-center home-jaco\" style=\"background-color:#eeeeee;grid-template-columns:51% auto\"><figure class=\"wp-block-media-text__media\"><img loading=\"lazy\" decoding=\"async\" width=\"1024\" height=\"683\" src=\"https:\/\/jacoconstrucciones.es\/wp-content\/uploads\/2020\/01\/photo-1541888946425-d81bb19240f5-1024x683.jpg\" alt=\"\" class=\"wp-image-70\" srcset=\"https:\/\/jacoconstrucciones.es\/wp-content\/uploads\/2020\/01\/photo-1541888946425-d81bb19240f5-1024x683.jpg 1024w, https:\/\/jacoconstrucciones.es\/wp-content\/uploads\/2020\/01\/photo-1541888946425-d81bb19240f5-300x200.jpg 300w, https:\/\/jacoconstrucciones.es\/wp-content\/uploads\/2020\/01\/photo-1541888946425-d81bb19240f5-768x512.jpg 768w, https:\/\/jacoconstrucciones.es\/wp-content\/uploads\/2020\/01\/photo-1541888946425-d81bb19240f5-600x400.jpg 600w, https:\/\/jacoconstrucciones.es\/wp-content\/uploads\/2020\/01\/photo-1541888946425-d81bb19240f5.jpg 1350w\" sizes=\"auto, (max-width: 1024px) 100vw, 1024px\" \/><\/figure><div class=\"wp-block-media-text__content\">\n<h1 class=\"wp-block-heading\">Jaco Construcciones<\/h1>\n\n\n\n<p>Somos una empresa sevillana con mas de 20 a\u00f1os de experiencia en el sector de la construcci\u00f3n y las reformas de edificios y vivienda.<\/p>\n\n\n\n<div class=\"wp-block-button is-style-default\"><a class=\"wp-block-button__link has-text-color has-light-gray-color\" href=\"\/#servicios\">Nuestros Servicios<\/a><\/div>\n<\/div><\/div>\n\n\n\n<div style=\"color:#ddd\" class=\"wp-block-atomic-blocks-ab-spacer ab-block-spacer ab-divider-solid ab-divider-size-1\"><hr style=\"height:60px\"\/><\/div>\n\n\n\n<center><h2 style=\"font-size:40px\" id=\"servicios\">Financiamos el 100% de tu obra o reforma hasta en 10 a\u00f1os<\/h2><\/center>\n\n\n\n<div style=\"color:#ddd\" class=\"wp-block-atomic-blocks-ab-spacer ab-block-spacer ab-divider-solid ab-divider-size-1\"><hr style=\"height:59px\"\/><\/div>\n\n\n\n<div class=\"wp-block-atomic-blocks-ab-container ab-block-container alignfull\"><div class=\"ab-container-inside\"><div class=\"ab-container-content\">\n<div class=\"wp-block-columns alignwide is-layout-flex wp-container-core-columns-is-layout-9d6595d7 wp-block-columns-is-layout-flex\">\n<div class=\"wp-block-column services-home is-layout-flow wp-block-column-is-layout-flow\">\n<div class=\"wp-block-image\"><figure class=\"aligncenter size-large\"><img loading=\"lazy\" decoding=\"async\" width=\"198\" height=\"164\" src=\"https:\/\/jacoconstrucciones.es\/wp-content\/uploads\/2020\/01\/construccion.png\" alt=\"\" class=\"wp-image-184\"\/><\/figure><\/div>\n\n\n\n<h3 class=\"has-text-align-center wp-block-heading\">Construcciones y Reformas<\/h3>\n\n\n\n<p class=\"has-text-align-left\"> En JACO somos constructores.&nbsp;Desarrollamos su proyecto desde los cimientos.&nbsp;Construcci\u00f3n de chalets, casas pareadas, impermeabilizaci\u00f3n de&nbsp;cubiertas y realizaci\u00f3n de&nbsp;reformas integrales en Sevilla, provincia y puntualmente al resto de Andaluc\u00eda. Mejoramos la distribuci\u00f3n, las calidades y adaptamos las viviendas a las necesidades de sus propietarios, desarrollando los proyectos de forma integral. <\/p>\n<\/div>\n\n\n\n<div class=\"wp-block-column services-home is-layout-flow wp-block-column-is-layout-flow\">\n<div class=\"wp-block-image\"><figure class=\"aligncenter size-large\"><img loading=\"lazy\" decoding=\"async\" width=\"198\" height=\"164\" src=\"https:\/\/jacoconstrucciones.es\/wp-content\/uploads\/2020\/01\/ascensores-1.png\" alt=\"\" class=\"wp-image-182\"\/><\/figure><\/div>\n\n\n\n<h3 class=\"has-text-align-center wp-block-heading\">Instalaci\u00f3n de Ascensores<\/h3>\n\n\n\n<p>La colocaci\u00f3n de ascensores en comunidades que no cuentan con este servicio permite la mejora en la calidad de vida de los vecinos y a la vez supone una importante revalorizaci\u00f3n del inmueble. Desde JACO Construcciones y Reformas llevamos a cabo el estudio de las posibilidades de cada edificio y la colocaci\u00f3n de los ascensores.<\/p>\n<\/div>\n<\/div>\n\n\n\n<div class=\"wp-block-columns alignwide is-layout-flex wp-container-core-columns-is-layout-9d6595d7 wp-block-columns-is-layout-flex\">\n<div class=\"wp-block-column services-home is-layout-flow wp-block-column-is-layout-flow\">\n<div class=\"wp-block-image\"><figure class=\"aligncenter size-large\"><img loading=\"lazy\" decoding=\"async\" width=\"198\" height=\"164\" src=\"https:\/\/jacoconstrucciones.es\/wp-content\/uploads\/2020\/01\/rehabilitaci\u00f3n.png\" alt=\"\" class=\"wp-image-186\"\/><\/figure><\/div>\n\n\n\n<h3 class=\"has-text-align-center wp-block-heading\"> <strong>Rehabilitaci\u00f3n Singular<\/strong><\/h3>\n\n\n\n<p>La rehabilitaci\u00f3n singular de edificios es un programa dirigido a comunidades de propietarios que permite la mejora en los edificios, pudiendo financiarse hasta el 100% del coste de la obra.&nbsp;<\/p>\n<\/div>\n\n\n\n<div class=\"wp-block-column services-home is-layout-flow wp-block-column-is-layout-flow\">\n<div class=\"wp-block-image\"><figure class=\"aligncenter size-large\"><img loading=\"lazy\" decoding=\"async\" width=\"198\" height=\"164\" src=\"https:\/\/jacoconstrucciones.es\/wp-content\/uploads\/2020\/01\/certificado.png\" alt=\"\" class=\"wp-image-188\"\/><\/figure><\/div>\n\n\n\n<h3 class=\"has-text-align-center wp-block-heading\"> <strong>Inspecci\u00f3n T\u00e9cnica de Edificios<\/strong> <\/h3>\n\n\n\n<p>Los propietarios de construcciones y edificaciones tienen el deber legal de mantenerlos en condiciones de seguridad, salubridad y ornato p\u00fablico, realizando los trabajos y obras precisos para conservarlos o rehabilitarlos, a fin de mantener en todo momento las condiciones requeridas para la habitabilidad o el uso efectivo.<\/p>\n<\/div>\n<\/div>\n\n\n\n<p><\/p>\n<\/div><\/div><\/div>\n\n\n\n<div style=\"color:#ddd\" class=\"wp-block-atomic-blocks-ab-spacer ab-block-spacer ab-divider-solid ab-divider-size-1\"><hr style=\"height:48px\"\/><\/div>\n\n\n\n<div class=\"wp-block-atomic-blocks-ab-container ab-block-container\"><div class=\"ab-container-inside\"><div class=\"ab-container-content\">\n<div class=\"wp-block-atomic-blocks-ab-container ab-block-container\"><div class=\"ab-container-inside\"><div class=\"ab-container-content\">\n<div class=\"wp-block-image\"><figure class=\"aligncenter size-large is-resized\"><img loading=\"lazy\" decoding=\"async\" src=\"https:\/\/jacoconstrucciones.es\/wp-content\/uploads\/2020\/02\/junta-de-andalucia.png\" alt=\"\" class=\"wp-image-253\" width=\"190\" height=\"152\"\/><\/figure><\/div>\n\n\n\n<h3 class=\"has-text-align-center wp-block-heading\">Especialistas en gesti\u00f3n de subvenciones para la rehabilitaci\u00f3n de edificios<\/h3>\n\n\n\n<div class=\"wp-block-button aligncenter is-style-fill\"><a class=\"wp-block-button__link\" href=\"\/contactar\">Contacta con nosotros<\/a><\/div>\n<\/div><\/div><\/div>\n<\/div><\/div><\/div>\n\n\n\n<div style=\"color:#ddd\" class=\"wp-block-atomic-blocks-ab-spacer ab-block-spacer ab-divider-solid ab-divider-size-1\"><hr style=\"height:85px\"\/><\/div>\n\n\n\n<h2 class=\"has-text-color has-text-align-center wp-block-heading\" style=\"color:#6601a1\"><strong>Trabajamos con las principales marcas<\/strong><\/h2>\n\n\n\n<div style=\"color:#ddd\" class=\"wp-block-atomic-blocks-ab-spacer ab-block-spacer ab-divider-solid ab-divider-size-1\"><hr style=\"height:16px\"\/><\/div>\n\n\n\n<div class=\"wp-block-atomic-blocks-ab-container ab-block-container aligncenter\"><div class=\"ab-container-inside\"><div class=\"ab-container-content\">\n<div class=\"wp-block-columns is-layout-flex wp-container-core-columns-is-layout-9d6595d7 wp-block-columns-is-layout-flex\">\n<div class=\"wp-block-column is-layout-flow wp-block-column-is-layout-flow\">\n<div class=\"wp-block-image\"><figure class=\"alignright size-large is-resized\"><img decoding=\"async\" src=\"https:\/\/jacoconstrucciones.es\/wp-content\/uploads\/2020\/01\/logoMP.jpg\" alt=\"\" class=\"wp-image-85\" width=\"150\"\/><\/figure><\/div>\n<\/div>\n\n\n\n<div class=\"wp-block-column is-layout-flow wp-block-column-is-layout-flow\">\n<div class=\"wp-block-image\"><figure class=\"alignleft size-large is-resized\"><img loading=\"lazy\" decoding=\"async\" src=\"https:\/\/jacoconstrucciones.es\/wp-content\/uploads\/2020\/01\/descarga.jpg\" alt=\"\" class=\"wp-image-83\" width=\"150\" height=\"92\"\/><\/figure><\/div>\n<\/div>\n<\/div>\n<\/div><\/div><\/div>\n\n\n\n<div style=\"color:#ddd\" class=\"wp-block-atomic-blocks-ab-spacer ab-block-spacer ab-divider-solid ab-divider-size-1\"><hr style=\"height:85px\"\/><\/div>\n\n\n\n<div style=\"background-color:#6601a1;padding-left:10.5%;padding-right:10.5%;padding-bottom:4%;padding-top:9%\" class=\"wp-block-atomic-blocks-ab-container ab-block-container alignfull\"><div class=\"ab-container-inside\"><div class=\"ab-container-content\">\n<div class=\"wp-block-columns is-layout-flex wp-container-core-columns-is-layout-9d6595d7 wp-block-columns-is-layout-flex\">\n<div class=\"wp-block-column is-layout-flow wp-block-column-is-layout-flow\" style=\"flex-basis:66.66%\">\n<h2 class=\"has-text-color has-text-align-left text-center-mobile wp-block-heading\" style=\"color:#ffffff\">Estamos aqu\u00ed para ayudarte. Contacta con nosotros<\/h2>\n<\/div>\n\n\n\n<div class=\"wp-block-column is-layout-flow wp-block-column-is-layout-flow\" style=\"flex-basis:33.33%\">\n<div style=\"text-align:right\" class=\"wp-block-atomic-blocks-ab-button text-center-mobile ab-block-button\"><a href=\"\/contactar\" class=\"ab-button ab-button-shape-rounded ab-button-size-medium\" style=\"color:#6601a1;background-color:#ffffff\">Contactar \u00a1Ahora!<\/a><\/div>\n<\/div>\n<\/div>\n<\/div><\/div><\/div>\n","protected":false},"excerpt":{"rendered":"<p>Financiamos el 100% de tu obra o reforma hasta en 10 a\u00f1os Trabajamos con las principales marcas<\/p>\n","protected":false},"author":1,"featured_media":0,"parent":0,"menu_order":0,"comment_status":"closed","ping_status":"closed","template":"","meta":{"_genesis_hide_title":true,"_genesis_hide_breadcrumbs":true,"_genesis_hide_singular_image":true,"_genesis_hide_footer_widgets":false,"_genesis_custom_body_class":"","_genesis_custom_post_class":"","_genesis_layout":"full-width-content","footnotes":""},"class_list":{"0":"post-53","1":"page","2":"type-page","3":"status-publish","5":"entry"},"featured_image_src":null,"featured_image_src_square":null,"_links":{"self":[{"href":"https:\/\/jacoconstrucciones.es\/index.php?rest_route=\/wp\/v2\/pages\/53","targetHints":{"allow":["GET"]}}],"collection":[{"href":"https:\/\/jacoconstrucciones.es\/index.php?rest_route=\/wp\/v2\/pages"}],"about":[{"href":"https:\/\/jacoconstrucciones.es\/index.php?rest_route=\/wp\/v2\/types\/page"}],"author":[{"embeddable":true,"href":"https:\/\/jacoconstrucciones.es\/index.php?rest_route=\/wp\/v2\/users\/1"}],"replies":[{"embeddable":true,"href":"https:\/\/jacoconstrucciones.es\/index.php?rest_route=%2Fwp%2Fv2%2Fcomments&post=53"}],"version-history":[{"count":65,"href":"https:\/\/jacoconstrucciones.es\/index.php?rest_route=\/wp\/v2\/pages\/53\/revisions"}],"predecessor-version":[{"id":282,"href":"https:\/\/jacoconstrucciones.es\/index.php?rest_route=\/wp\/v2\/pages\/53\/revisions\/282"}],"wp:attachment":[{"href":"https:\/\/jacoconstrucciones.es\/index.php?rest_route=%2Fwp%2Fv2%2Fmedia&parent=53"}],"curies":[{"name":"wp","href":"https:\/\/api.w.org\/{rel}","templated":true}]}}